{"id":46,"date":"2013-07-26T13:56:59","date_gmt":"2013-07-26T11:56:59","guid":{"rendered":"http:\/\/www.vdmparts.com\/?page_id=46"},"modified":"2022-02-17T20:38:39","modified_gmt":"2022-02-17T18:38:39","slug":"home","status":"publish","type":"page","link":"http:\/\/www2.vdmparts.com\/it\/","title":{"rendered":"VDM Parts"},"content":{"rendered":"<p align=\"left\"><b>VDM Parts, il fornitore di fiducia di ricambi e accessori originali per motocicli<br \/>\n<\/b>VDM Parts \u00e8 il <b>fornitore all\u2019ingrosso di fiducia di ricambi e accessori originali per motocicli <\/b>per i rivenditori al dettaglio. Forniamo <b>ricambi per motocicli delle marche Kawasaki, Moto Guzzi, Suzuki, Vespa \/ Piaggio e Yamaha<\/b>. Grazie alla nostra vasta rete di fornitori abbiamo accesso diretto ai pi\u00f9 grandi magazzini d\u2019Europa e garantiamo <b>consegne rapide in tutto il mondo<\/b>. Presso VDM Parts potr\u00e0 ordinare con facilit\u00e0 tutti i ricambi che Le occorrono tramite il nostro sistema di ordini online, con oltre <b>1,4 milioni di componenti<\/b> delle pi\u00f9 prestigiose marche di motociclette. VDM Parts \u00e8 il Suo partner di fiducia per i ricambi originali dei motocicli!<\/p>\n<p><b>Ricambi e accessori per motocicli<br \/>\n<\/b>VDM Parts offre <b>ricambi per motociclette, quad e scooter<\/b> di varie marche:<\/p>\n<ul>\n<li>Aprilia<\/li>\n<li>Honda<\/li>\n<li>Kawasaki<\/li>\n<li>Moto Guzzi<\/li>\n<li>Suzuki<\/li>\n<li>Vespa \/ Piaggio<\/li>\n<li>Yamaha<\/li>\n<\/ul>\n<p>Forniamo inoltre <b>accessori originali per motociclette, quad e scooter <\/b>di tutte le marche elencate sopra.<\/p>\n<p><b>Catalogo dei ricambi online<br \/>\n<\/b>Per poter servire i Suoi clienti nel modo pi\u00f9 rapido e accurato possibile, VDM Parts ha sviluppato un unico sistema centrale per gli ordini con un catalogo di componenti multimarca integrato. In questo catalogo di ricambi multimarca potr\u00e0 ordinare i ricambi delle marche Kawasaki, Suzuki, Yamaha ecc. Potr\u00e0 cercare i ricambi con facilit\u00e0 grazie ai disegni tecnici con gli hotspot per inoltrare gli ordini. Potr\u00e0 ordinare direttamente i ricambi per motociclette, quad e scooter mentre il Suo cliente attende al bancone!<\/p>\n<p><b>1,4 milioni di ricambi<br \/>\n<\/b>Il nostro sistema di ordini online include pi\u00f9 di <b>1,4 milioni di ricambi e accessori originali di motociclette, quad, scooter.<\/b><\/p>\n<p><b>Rapidit\u00e0 di consegne<br \/>\n<\/b>VDM Parts B.V. collabora con DHL e garantisce <b>consegne rapide<\/b> e <b>tariffe competitive<\/b>.<\/p>\n<p><b>Assitenza clienti<br \/>\n<\/b>Il nostro team VDM Parts \u00e8 composto da collaboratori appassionati di moto che risponderanno alle Sue domande e Le forniranno consigli personalizzati.<\/p>\n","protected":false},"excerpt":{"rendered":"<p>VDM Parts, il fornitore di fiducia di ricambi e accessori originali per motocicli VDM Parts \u00e8 il fornitore all\u2019ingrosso di&#8230;<\/p>\n","protected":false},"author":1,"featured_media":0,"parent":0,"menu_order":0,"comment_status":"closed","ping_status":"open","template":"","meta":[],"yoast_head":"<!-- This site is optimized with the Yoast SEO plugin v17.3 - https:\/\/yoast.com\/wordpress\/plugins\/seo\/ -->\n<meta name=\"robots\" content=\"index, follow, max-snippet:-1, max-image-preview:large, max-video-preview:-1\" \/>\n<link rel=\"canonical\" href=\"http:\/\/www2.vdmparts.com\/\" \/>\n<meta property=\"og:locale\" content=\"it_IT\" \/>\n<meta property=\"og:type\" content=\"article\" \/>\n<meta property=\"og:title\" content=\"VDM PartsVDM PartsVDM PartsVDM PartsVDM Parts - VDM Parts\" \/>\n<meta property=\"og:description\" content=\"VDM Parts, il fornitore di fiducia di ricambi e accessori originali per motocicli VDM Parts \u00e8 il fornitore all\u2019ingrosso di...\" \/>\n<meta property=\"og:url\" content=\"http:\/\/www2.vdmparts.com\/\" \/>\n<meta property=\"og:site_name\" content=\"VDM Parts\" \/>\n<meta property=\"article:modified_time\" content=\"2022-02-17T18:38:39+00:00\" \/>\n<meta name=\"twitter:label1\" content=\"Est. reading time\" \/>\n\t<meta name=\"twitter:data1\" content=\"8 minutes\" \/>\n<script type=\"application\/ld+json\" class=\"yoast-schema-graph\">{\"@context\":\"https:\/\/schema.org\",\"@graph\":[{\"@type\":\"WebSite\",\"@id\":\"http:\/\/www2.vdmparts.com\/#website\",\"url\":\"http:\/\/www2.vdmparts.com\/\",\"name\":\"VDM Parts\",\"description\":\"Genuine Spare Parts and Accessory\",\"potentialAction\":[{\"@type\":\"SearchAction\",\"target\":{\"@type\":\"EntryPoint\",\"urlTemplate\":\"http:\/\/www2.vdmparts.com\/?s={search_term_string}\"},\"query-input\":\"required name=search_term_string\"}],\"inLanguage\":\"it-IT\"},{\"@type\":\"WebPage\",\"@id\":\"http:\/\/www2.vdmparts.com\/#webpage\",\"url\":\"http:\/\/www2.vdmparts.com\/\",\"name\":\"VDM PartsVDM PartsVDM PartsVDM PartsVDM Parts - VDM Parts\",\"isPartOf\":{\"@id\":\"http:\/\/www2.vdmparts.com\/#website\"},\"datePublished\":\"2013-07-26T11:56:59+00:00\",\"dateModified\":\"2022-02-17T18:38:39+00:00\",\"breadcrumb\":{\"@id\":\"http:\/\/www2.vdmparts.com\/#breadcrumb\"},\"inLanguage\":\"it-IT\",\"potentialAction\":[{\"@type\":\"ReadAction\",\"target\":[\"http:\/\/www2.vdmparts.com\/\"]}]},{\"@type\":\"BreadcrumbList\",\"@id\":\"http:\/\/www2.vdmparts.com\/#breadcrumb\",\"itemListElement\":[{\"@type\":\"ListItem\",\"position\":1,\"name\":\"Home\",\"item\":\"http:\/\/www2.vdmparts.com\/\"},{\"@type\":\"ListItem\",\"position\":2,\"name\":\"VDM Parts\"}]}]}<\/script>\n<!-- \/ Yoast SEO plugin. -->","yoast_head_json":{"robots":{"index":"index","follow":"follow","max-snippet":"max-snippet:-1","max-image-preview":"max-image-preview:large","max-video-preview":"max-video-preview:-1"},"canonical":"http:\/\/www2.vdmparts.com\/","og_locale":"it_IT","og_type":"article","og_title":"VDM PartsVDM PartsVDM PartsVDM PartsVDM Parts - VDM Parts","og_description":"VDM Parts, il fornitore di fiducia di ricambi e accessori originali per motocicli VDM Parts \u00e8 il fornitore all\u2019ingrosso di...","og_url":"http:\/\/www2.vdmparts.com\/","og_site_name":"VDM Parts","article_modified_time":"2022-02-17T18:38:39+00:00","twitter_misc":{"Est. reading time":"8 minutes"},"schema":{"@context":"https:\/\/schema.org","@graph":[{"@type":"WebSite","@id":"http:\/\/www2.vdmparts.com\/#website","url":"http:\/\/www2.vdmparts.com\/","name":"VDM Parts","description":"Genuine Spare Parts and Accessory","potentialAction":[{"@type":"SearchAction","target":{"@type":"EntryPoint","urlTemplate":"http:\/\/www2.vdmparts.com\/?s={search_term_string}"},"query-input":"required name=search_term_string"}],"inLanguage":"it-IT"},{"@type":"WebPage","@id":"http:\/\/www2.vdmparts.com\/#webpage","url":"http:\/\/www2.vdmparts.com\/","name":"VDM PartsVDM PartsVDM PartsVDM PartsVDM Parts - VDM Parts","isPartOf":{"@id":"http:\/\/www2.vdmparts.com\/#website"},"datePublished":"2013-07-26T11:56:59+00:00","dateModified":"2022-02-17T18:38:39+00:00","breadcrumb":{"@id":"http:\/\/www2.vdmparts.com\/#breadcrumb"},"inLanguage":"it-IT","potentialAction":[{"@type":"ReadAction","target":["http:\/\/www2.vdmparts.com\/"]}]},{"@type":"BreadcrumbList","@id":"http:\/\/www2.vdmparts.com\/#breadcrumb","itemListElement":[{"@type":"ListItem","position":1,"name":"Home","item":"http:\/\/www2.vdmparts.com\/"},{"@type":"ListItem","position":2,"name":"VDM Parts"}]}]}},"_links":{"self":[{"href":"http:\/\/www2.vdmparts.com\/it\/wp-json\/wp\/v2\/pages\/46"}],"collection":[{"href":"http:\/\/www2.vdmparts.com\/it\/wp-json\/wp\/v2\/pages"}],"about":[{"href":"http:\/\/www2.vdmparts.com\/it\/wp-json\/wp\/v2\/types\/page"}],"author":[{"embeddable":true,"href":"http:\/\/www2.vdmparts.com\/it\/wp-json\/wp\/v2\/users\/1"}],"replies":[{"embeddable":true,"href":"http:\/\/www2.vdmparts.com\/it\/wp-json\/wp\/v2\/comments?post=46"}],"version-history":[{"count":45,"href":"http:\/\/www2.vdmparts.com\/it\/wp-json\/wp\/v2\/pages\/46\/revisions"}],"predecessor-version":[{"id":598,"href":"http:\/\/www2.vdmparts.com\/it\/wp-json\/wp\/v2\/pages\/46\/revisions\/598"}],"wp:attachment":[{"href":"http:\/\/www2.vdmparts.com\/it\/wp-json\/wp\/v2\/media?parent=46"}],"curies":[{"name":"wp","href":"https:\/\/api.w.org\/{rel}","templated":true}]}}