{"id":8,"date":"2013-07-26T11:38:38","date_gmt":"2013-07-26T09:38:38","guid":{"rendered":"http:\/\/www.vdmparts.com\/?page_id=8"},"modified":"2022-02-17T20:35:10","modified_gmt":"2022-02-17T18:35:10","slug":"company","status":"publish","type":"page","link":"http:\/\/www2.vdmparts.com\/fr\/entreprise\/","title":{"rendered":"La soci\u00e9t\u00e9"},"content":{"rendered":"<p align=\"left\"><b>VDM Parts<br \/>\n<\/b>Depuis le 1<sup>er<\/sup> f\u00e9vrier 2006, VDM Parts est sp\u00e9cialis\u00e9 dans la fourniture au commerce de d\u00e9tail (distributeurs) des pi\u00e8ces d&rsquo;origine pour les 4 grandes marques de motos japonaises <b>Honda, Kawasaki, Suzuki et Yamaha<\/b>, ainsi que pour les marques <b>Aprilia, Moto Guzzi et Vespa\u00a0\/\u00a0Piaggio<\/b>, \u00e0 des conditions avantageuses et des d\u00e9lais de livraison courts.<\/p>\n<p align=\"left\"><b>Longue exp\u00e9rience<br \/>\n<\/b>VDM Parts fournit exclusivement des pi\u00e8ces et accessoires d&rsquo;origine pour motos, quads\u00a0\/\u00a0ATV et scooters au commerce de d\u00e9tail (distributeurs). Gr\u00e2ce \u00e0 sa longue exp\u00e9rience dans l&rsquo;univers de la moto (dans lequel la soci\u00e9t\u00e9 est active depuis 1954), VDM Parts a d\u00e9velopp\u00e9 un vaste r\u00e9seau. Celui-ci nous permet de livrer pratiquement n&rsquo;importe quelle <b>pi\u00e8ce ou<\/b> n&rsquo;importe quel <b>accessoire d&rsquo;origine pour motos,<\/b> <b>quads\u00a0\/\u00a0ATV et scooters <\/b>au d\u00e9part de notre syst\u00e8me de commande en ligne comprenant plus de <b>1,4 million d&rsquo;articles<\/b>. Vous avez ainsi la possibilit\u00e9 de commander toutes vos pi\u00e8ces et tous vos accessoires d&rsquo;origine de diff\u00e9rentes marques aupr\u00e8s d&rsquo;un seul et m\u00eame fournisseur, \u00e0 savoir VDM Parts\u00a0!<\/p>\n<p align=\"left\"><b>Marques<br \/>\n<\/b>Outre la fourniture de pi\u00e8ces pour motos, ATV \/ quads, VDM Parts livre \u00e9galement des pi\u00e8ces pour scooters, des marques suivantes :<\/p>\n<ul>\n<li>Aprilia:\u00a0Motos\u00a0\/\u00a0scooters<\/li>\n<li>Honda:\u00a0Motos\u00a0\/\u00a0ATV\u00a0\/\u00a0scooters<\/li>\n<li>Kawasaki: Motos \/ ATV \/ Mules<\/li>\n<li>Moto Guzzi:\u00a0Motos<\/li>\n<li>Suzuki: Motos \/ ATV \/ scooters<\/li>\n<li>Vespa\u00a0\/\u00a0Piaggio:\u00a0Scooters<\/li>\n<li>Yamaha: Motos \/ ATV \/ scooters \/ Side x Side<\/li>\n<\/ul>\n<p align=\"left\"><b>VDM Motorcycletrading GmbH<br \/>\n<\/b>VDM Parts est ind\u00e9pendant de la soci\u00e9t\u00e9 <a href=\"http:\/\/www.motorcycletrading.com\/?language=fr\" target=\"_blank\" rel=\"noopener\">VDM Motorcycletrading<\/a>, le grossiste importateur et exportateur dans le domaine des motos, ATV \/ quads, scooters.<\/p>\n<p align=\"left\"><b>Devenir client chez VDM Parts<br \/>\n<\/b>Si vous souhaitez commander en une seule fois toutes vos pi\u00e8ces aupr\u00e8s d&rsquo;un grossiste en pi\u00e8ces pour motos, nous vous invitons \u00e0 vous <a href=\"http:\/\/www.vdmparts.com\/create-account\/?lang=fr\">enregistrer<\/a> comme client chez VDM Parts!<\/p>\n","protected":false},"excerpt":{"rendered":"<p>VDM Parts Depuis le 1er f\u00e9vrier 2006, VDM Parts est sp\u00e9cialis\u00e9 dans la fourniture au commerce de d\u00e9tail (distributeurs) des&#8230;<\/p>\n","protected":false},"author":1,"featured_media":0,"parent":0,"menu_order":0,"comment_status":"closed","ping_status":"closed","template":"","meta":[],"yoast_head":"<!-- This site is optimized with the Yoast SEO plugin v17.3 - https:\/\/yoast.com\/wordpress\/plugins\/seo\/ -->\n<meta name=\"robots\" content=\"index, follow, max-snippet:-1, max-image-preview:large, max-video-preview:-1\" \/>\n<link rel=\"canonical\" href=\"https:\/\/www2.vdmparts.com\/company\/\" \/>\n<meta property=\"og:locale\" content=\"fr_FR\" \/>\n<meta property=\"og:type\" content=\"article\" \/>\n<meta property=\"og:title\" content=\"CompanyUnternehmenL\u2019aziendaLa soci\u00e9t\u00e9Empresa - VDM Parts\" \/>\n<meta property=\"og:description\" content=\"VDM Parts Depuis le 1er f\u00e9vrier 2006, VDM Parts est sp\u00e9cialis\u00e9 dans la fourniture au commerce de d\u00e9tail (distributeurs) des...\" \/>\n<meta property=\"og:url\" content=\"https:\/\/www2.vdmparts.com\/company\/\" \/>\n<meta property=\"og:site_name\" content=\"VDM Parts\" \/>\n<meta property=\"article:modified_time\" content=\"2022-02-17T18:35:10+00:00\" \/>\n<meta name=\"twitter:label1\" content=\"Est. reading time\" \/>\n\t<meta name=\"twitter:data1\" content=\"6 minutes\" \/>\n<script type=\"application\/ld+json\" class=\"yoast-schema-graph\">{\"@context\":\"https:\/\/schema.org\",\"@graph\":[{\"@type\":\"WebSite\",\"@id\":\"http:\/\/www2.vdmparts.com\/#website\",\"url\":\"http:\/\/www2.vdmparts.com\/\",\"name\":\"VDM Parts\",\"description\":\"Genuine Spare Parts and Accessory\",\"potentialAction\":[{\"@type\":\"SearchAction\",\"target\":{\"@type\":\"EntryPoint\",\"urlTemplate\":\"http:\/\/www2.vdmparts.com\/?s={search_term_string}\"},\"query-input\":\"required name=search_term_string\"}],\"inLanguage\":\"fr-FR\"},{\"@type\":\"WebPage\",\"@id\":\"https:\/\/www2.vdmparts.com\/company\/#webpage\",\"url\":\"https:\/\/www2.vdmparts.com\/company\/\",\"name\":\"CompanyUnternehmenL\\u2019aziendaLa soci\\u00e9t\\u00e9Empresa - VDM Parts\",\"isPartOf\":{\"@id\":\"http:\/\/www2.vdmparts.com\/#website\"},\"datePublished\":\"2013-07-26T09:38:38+00:00\",\"dateModified\":\"2022-02-17T18:35:10+00:00\",\"breadcrumb\":{\"@id\":\"https:\/\/www2.vdmparts.com\/company\/#breadcrumb\"},\"inLanguage\":\"fr-FR\",\"potentialAction\":[{\"@type\":\"ReadAction\",\"target\":[\"https:\/\/www2.vdmparts.com\/company\/\"]}]},{\"@type\":\"BreadcrumbList\",\"@id\":\"https:\/\/www2.vdmparts.com\/company\/#breadcrumb\",\"itemListElement\":[{\"@type\":\"ListItem\",\"position\":1,\"name\":\"Home\",\"item\":\"http:\/\/www2.vdmparts.com\/\"},{\"@type\":\"ListItem\",\"position\":2,\"name\":\"Company\"}]}]}<\/script>\n<!-- \/ Yoast SEO plugin. -->","yoast_head_json":{"robots":{"index":"index","follow":"follow","max-snippet":"max-snippet:-1","max-image-preview":"max-image-preview:large","max-video-preview":"max-video-preview:-1"},"canonical":"https:\/\/www2.vdmparts.com\/company\/","og_locale":"fr_FR","og_type":"article","og_title":"CompanyUnternehmenL\u2019aziendaLa soci\u00e9t\u00e9Empresa - VDM Parts","og_description":"VDM Parts Depuis le 1er f\u00e9vrier 2006, VDM Parts est sp\u00e9cialis\u00e9 dans la fourniture au commerce de d\u00e9tail (distributeurs) des...","og_url":"https:\/\/www2.vdmparts.com\/company\/","og_site_name":"VDM Parts","article_modified_time":"2022-02-17T18:35:10+00:00","twitter_misc":{"Est. reading time":"6 minutes"},"schema":{"@context":"https:\/\/schema.org","@graph":[{"@type":"WebSite","@id":"http:\/\/www2.vdmparts.com\/#website","url":"http:\/\/www2.vdmparts.com\/","name":"VDM Parts","description":"Genuine Spare Parts and Accessory","potentialAction":[{"@type":"SearchAction","target":{"@type":"EntryPoint","urlTemplate":"http:\/\/www2.vdmparts.com\/?s={search_term_string}"},"query-input":"required name=search_term_string"}],"inLanguage":"fr-FR"},{"@type":"WebPage","@id":"https:\/\/www2.vdmparts.com\/company\/#webpage","url":"https:\/\/www2.vdmparts.com\/company\/","name":"CompanyUnternehmenL\u2019aziendaLa soci\u00e9t\u00e9Empresa - VDM Parts","isPartOf":{"@id":"http:\/\/www2.vdmparts.com\/#website"},"datePublished":"2013-07-26T09:38:38+00:00","dateModified":"2022-02-17T18:35:10+00:00","breadcrumb":{"@id":"https:\/\/www2.vdmparts.com\/company\/#breadcrumb"},"inLanguage":"fr-FR","potentialAction":[{"@type":"ReadAction","target":["https:\/\/www2.vdmparts.com\/company\/"]}]},{"@type":"BreadcrumbList","@id":"https:\/\/www2.vdmparts.com\/company\/#breadcrumb","itemListElement":[{"@type":"ListItem","position":1,"name":"Home","item":"http:\/\/www2.vdmparts.com\/"},{"@type":"ListItem","position":2,"name":"Company"}]}]}},"_links":{"self":[{"href":"http:\/\/www2.vdmparts.com\/fr\/wp-json\/wp\/v2\/pages\/8"}],"collection":[{"href":"http:\/\/www2.vdmparts.com\/fr\/wp-json\/wp\/v2\/pages"}],"about":[{"href":"http:\/\/www2.vdmparts.com\/fr\/wp-json\/wp\/v2\/types\/page"}],"author":[{"embeddable":true,"href":"http:\/\/www2.vdmparts.com\/fr\/wp-json\/wp\/v2\/users\/1"}],"replies":[{"embeddable":true,"href":"http:\/\/www2.vdmparts.com\/fr\/wp-json\/wp\/v2\/comments?post=8"}],"version-history":[{"count":40,"href":"http:\/\/www2.vdmparts.com\/fr\/wp-json\/wp\/v2\/pages\/8\/revisions"}],"predecessor-version":[{"id":595,"href":"http:\/\/www2.vdmparts.com\/fr\/wp-json\/wp\/v2\/pages\/8\/revisions\/595"}],"wp:attachment":[{"href":"http:\/\/www2.vdmparts.com\/fr\/wp-json\/wp\/v2\/media?parent=8"}],"curies":[{"name":"wp","href":"https:\/\/api.w.org\/{rel}","templated":true}]}}