{"id":46,"date":"2013-07-26T13:56:59","date_gmt":"2013-07-26T11:56:59","guid":{"rendered":"http:\/\/www.vdmparts.com\/?page_id=46"},"modified":"2022-02-17T20:38:39","modified_gmt":"2022-02-17T18:38:39","slug":"home","status":"publish","type":"page","link":"http:\/\/www2.vdmparts.com\/fr\/","title":{"rendered":"VDM Parts"},"content":{"rendered":"<p align=\"left\"><b>VDM parts, votre fournisseur de pi\u00e8ces et d&rsquo;accessoires d&rsquo;origine pour motos<br \/>\n<\/b>VDM Parts est le grossiste en pi\u00e8ces et accessoires d&rsquo;origine pour motos destin\u00e9s au commerce de d\u00e9tail. Nous fournissons notamment <b>des pi\u00e8ces de motos des marques Aprilia, Kawasaki, Moto Guzzi, Suzuki, Vespa\u00a0\/\u00a0Piaggio et Yamaha<\/b>. Gr\u00e2ce \u00e0 notre vaste r\u00e9seau de fournisseurs, nous avons directement acc\u00e8s aux principaux magasins d&rsquo;Europe, ce qui nous permet de garantir une <b>livraison rapide aux quatre coins du monde<\/b>. Chez VDM Parts, vous commandez simplement en une fois toutes les pi\u00e8ces via notre syst\u00e8me de commande en ligne comptant quelque <b>1,4 million de pi\u00e8ces <\/b>pour les marques de motos les plus renomm\u00e9es. VDM Parts est votre partenaire pour les pi\u00e8ces d&rsquo;origine de motos\u00a0!<\/p>\n<p align=\"left\"><b>Pi\u00e8ces et accessoires pour motos<br \/>\n<\/b>VDM Parts vous propose des <b>pi\u00e8ces de motos, de quads\u00a0\/\u00a0ATV et de scooters <\/b>pour les marques suivantes\u00a0:<\/p>\n<ul>\n<li>Aprilia<\/li>\n<li>Honda<\/li>\n<li>Kawasaki<\/li>\n<li>Moto Guzzi<\/li>\n<li>Suzuki<\/li>\n<li>Vespa\u00a0\/\u00a0Piaggio<\/li>\n<li>Yamaha<\/li>\n<\/ul>\n<p>Par ailleurs, nous fournissons des <b>accessoires <\/b>d&rsquo;origine <b>pour votre moto,<\/b> <b>ATV\u00a0\/\u00a0quad ou scooter <\/b>de toutes les marques pr\u00e9cit\u00e9es.<b><\/b><\/p>\n<p><b>Catalogue de pi\u00e8ces en ligne<br \/>\n<\/b>Pour vous permettre de servir vos clients le plus rapidement et le plus m\u00e9ticuleusement possible, VDM Parts a con\u00e7u un syst\u00e8me de commande centralis\u00e9 unique int\u00e9grant un catalogue de pi\u00e8ces multimarques. Dans ce catalogue multimarques, vous pouvez commander des pi\u00e8ces pour les motos de marques Kawasaki, Suzuki et Yamaha notamment. Les pi\u00e8ces dont vous avez besoin sont faciles \u00e0 rechercher par le biais de dessins techniques accompagn\u00e9s de donn\u00e9es pertinentes. Cette approche facilite la commande imm\u00e9diate de pi\u00e8ces de motos, de quads\u00a0\/\u00a0ATV, de scooters et autres, alors que votre client est au comptoir\u00a0!<\/p>\n<p><b>1,4 million de pi\u00e8ces<br \/>\n<\/b>Notre syst\u00e8me de commande en ligne comprend plus de <b>1,4 million de pi\u00e8ces et d&rsquo;accessoires pour motos, quads \/ ATV, scooters.<\/b><\/p>\n<p><b>Livraison rapide<br \/>\n<\/b>VDM Parts B.V. collabore avec DHL, ce qui lui permet de garantir de <b>courts d\u00e9lais de livraison<\/b> et des <b>prix serr\u00e9s<\/b>.<\/p>\n<p><b>Service \u00e0 la client\u00e8le<br \/>\n<\/b>L&rsquo;\u00e9quipe de VDM Parts est constitu\u00e9e de collaborateurs passionn\u00e9s de moto pr\u00eats \u00e0 r\u00e9pondre \u00e0 toutes vos questions et \u00e0 vous prodiguer des conseils personnalis\u00e9s.<\/p>\n","protected":false},"excerpt":{"rendered":"<p>VDM parts, votre fournisseur de pi\u00e8ces et d&rsquo;accessoires d&rsquo;origine pour motos VDM Parts est le grossiste en pi\u00e8ces et accessoires&#8230;<\/p>\n","protected":false},"author":1,"featured_media":0,"parent":0,"menu_order":0,"comment_status":"closed","ping_status":"open","template":"","meta":[],"yoast_head":"<!-- This site is optimized with the Yoast SEO plugin v17.3 - https:\/\/yoast.com\/wordpress\/plugins\/seo\/ -->\n<meta name=\"robots\" content=\"index, follow, max-snippet:-1, max-image-preview:large, max-video-preview:-1\" \/>\n<link rel=\"canonical\" href=\"http:\/\/www2.vdmparts.com\/\" \/>\n<meta property=\"og:locale\" content=\"fr_FR\" \/>\n<meta property=\"og:type\" content=\"article\" \/>\n<meta property=\"og:title\" content=\"VDM PartsVDM PartsVDM PartsVDM PartsVDM Parts - VDM Parts\" \/>\n<meta property=\"og:description\" content=\"VDM parts, votre fournisseur de pi\u00e8ces et d&rsquo;accessoires d&rsquo;origine pour motos VDM Parts est le grossiste en pi\u00e8ces et accessoires...\" \/>\n<meta property=\"og:url\" content=\"http:\/\/www2.vdmparts.com\/\" \/>\n<meta property=\"og:site_name\" content=\"VDM Parts\" \/>\n<meta property=\"article:modified_time\" content=\"2022-02-17T18:38:39+00:00\" \/>\n<meta name=\"twitter:label1\" content=\"Est. reading time\" \/>\n\t<meta name=\"twitter:data1\" content=\"8 minutes\" \/>\n<script type=\"application\/ld+json\" class=\"yoast-schema-graph\">{\"@context\":\"https:\/\/schema.org\",\"@graph\":[{\"@type\":\"WebSite\",\"@id\":\"http:\/\/www2.vdmparts.com\/#website\",\"url\":\"http:\/\/www2.vdmparts.com\/\",\"name\":\"VDM Parts\",\"description\":\"Genuine Spare Parts and Accessory\",\"potentialAction\":[{\"@type\":\"SearchAction\",\"target\":{\"@type\":\"EntryPoint\",\"urlTemplate\":\"http:\/\/www2.vdmparts.com\/?s={search_term_string}\"},\"query-input\":\"required name=search_term_string\"}],\"inLanguage\":\"fr-FR\"},{\"@type\":\"WebPage\",\"@id\":\"http:\/\/www2.vdmparts.com\/#webpage\",\"url\":\"http:\/\/www2.vdmparts.com\/\",\"name\":\"VDM PartsVDM PartsVDM PartsVDM PartsVDM Parts - VDM Parts\",\"isPartOf\":{\"@id\":\"http:\/\/www2.vdmparts.com\/#website\"},\"datePublished\":\"2013-07-26T11:56:59+00:00\",\"dateModified\":\"2022-02-17T18:38:39+00:00\",\"breadcrumb\":{\"@id\":\"http:\/\/www2.vdmparts.com\/#breadcrumb\"},\"inLanguage\":\"fr-FR\",\"potentialAction\":[{\"@type\":\"ReadAction\",\"target\":[\"http:\/\/www2.vdmparts.com\/\"]}]},{\"@type\":\"BreadcrumbList\",\"@id\":\"http:\/\/www2.vdmparts.com\/#breadcrumb\",\"itemListElement\":[{\"@type\":\"ListItem\",\"position\":1,\"name\":\"Home\",\"item\":\"http:\/\/www2.vdmparts.com\/\"},{\"@type\":\"ListItem\",\"position\":2,\"name\":\"VDM Parts\"}]}]}<\/script>\n<!-- \/ Yoast SEO plugin. -->","yoast_head_json":{"robots":{"index":"index","follow":"follow","max-snippet":"max-snippet:-1","max-image-preview":"max-image-preview:large","max-video-preview":"max-video-preview:-1"},"canonical":"http:\/\/www2.vdmparts.com\/","og_locale":"fr_FR","og_type":"article","og_title":"VDM PartsVDM PartsVDM PartsVDM PartsVDM Parts - VDM Parts","og_description":"VDM parts, votre fournisseur de pi\u00e8ces et d&rsquo;accessoires d&rsquo;origine pour motos VDM Parts est le grossiste en pi\u00e8ces et accessoires...","og_url":"http:\/\/www2.vdmparts.com\/","og_site_name":"VDM Parts","article_modified_time":"2022-02-17T18:38:39+00:00","twitter_misc":{"Est. reading time":"8 minutes"},"schema":{"@context":"https:\/\/schema.org","@graph":[{"@type":"WebSite","@id":"http:\/\/www2.vdmparts.com\/#website","url":"http:\/\/www2.vdmparts.com\/","name":"VDM Parts","description":"Genuine Spare Parts and Accessory","potentialAction":[{"@type":"SearchAction","target":{"@type":"EntryPoint","urlTemplate":"http:\/\/www2.vdmparts.com\/?s={search_term_string}"},"query-input":"required name=search_term_string"}],"inLanguage":"fr-FR"},{"@type":"WebPage","@id":"http:\/\/www2.vdmparts.com\/#webpage","url":"http:\/\/www2.vdmparts.com\/","name":"VDM PartsVDM PartsVDM PartsVDM PartsVDM Parts - VDM Parts","isPartOf":{"@id":"http:\/\/www2.vdmparts.com\/#website"},"datePublished":"2013-07-26T11:56:59+00:00","dateModified":"2022-02-17T18:38:39+00:00","breadcrumb":{"@id":"http:\/\/www2.vdmparts.com\/#breadcrumb"},"inLanguage":"fr-FR","potentialAction":[{"@type":"ReadAction","target":["http:\/\/www2.vdmparts.com\/"]}]},{"@type":"BreadcrumbList","@id":"http:\/\/www2.vdmparts.com\/#breadcrumb","itemListElement":[{"@type":"ListItem","position":1,"name":"Home","item":"http:\/\/www2.vdmparts.com\/"},{"@type":"ListItem","position":2,"name":"VDM Parts"}]}]}},"_links":{"self":[{"href":"http:\/\/www2.vdmparts.com\/fr\/wp-json\/wp\/v2\/pages\/46"}],"collection":[{"href":"http:\/\/www2.vdmparts.com\/fr\/wp-json\/wp\/v2\/pages"}],"about":[{"href":"http:\/\/www2.vdmparts.com\/fr\/wp-json\/wp\/v2\/types\/page"}],"author":[{"embeddable":true,"href":"http:\/\/www2.vdmparts.com\/fr\/wp-json\/wp\/v2\/users\/1"}],"replies":[{"embeddable":true,"href":"http:\/\/www2.vdmparts.com\/fr\/wp-json\/wp\/v2\/comments?post=46"}],"version-history":[{"count":45,"href":"http:\/\/www2.vdmparts.com\/fr\/wp-json\/wp\/v2\/pages\/46\/revisions"}],"predecessor-version":[{"id":598,"href":"http:\/\/www2.vdmparts.com\/fr\/wp-json\/wp\/v2\/pages\/46\/revisions\/598"}],"wp:attachment":[{"href":"http:\/\/www2.vdmparts.com\/fr\/wp-json\/wp\/v2\/media?parent=46"}],"curies":[{"name":"wp","href":"https:\/\/api.w.org\/{rel}","templated":true}]}}