{"id":46,"date":"2013-07-26T13:56:59","date_gmt":"2013-07-26T11:56:59","guid":{"rendered":"http:\/\/www.vdmparts.com\/?page_id=46"},"modified":"2022-02-17T20:38:39","modified_gmt":"2022-02-17T18:38:39","slug":"home","status":"publish","type":"page","link":"http:\/\/www2.vdmparts.com\/es\/","title":{"rendered":"VDM Parts"},"content":{"rendered":"<p align=\"left\"><b>VDM Parts es su proveedor de piezas y accesorios originales de motocicletas<br \/>\n<\/b>VDM Parts es el <b>mayorista de piezas y accesorios de motocicleta originales <\/b>para el comercio minorista. Suministramos, entre otras marcas, <b>piezas para motos<\/b> <b>Aprilia, piezas para motos Kawasaki, piezas para motos Moto Guzzi, piezas para motos Suzuki, piezas para motos Vespa \/ Piaggio y piezas para motos Yamaha<\/b>. Gracias a nuestra amplia red de proveedores tenemos acceso directo a los almacenes m\u00e1s importantes de Europa y garantizamos una <b>entrega r\u00e1pida en todo el mundo.<\/b> En VDM Parts puede hacer sus pedidos de una manera muy sencilla. Puede pedir de una vez todas las piezas que necesita a trav\u00e9s de nuestro sistema de pago en l\u00ednea, ya que en nuestra tienda web encontrar\u00e1 m\u00e1s de <b>1,4 millones de piezas<\/b> de diversas marcas de motocicleta de primera l\u00ednea. VDM Parts es su socio para piezas de moto originales.<\/p>\n<p><b>Piezas y accesorios de motocicleta<br \/>\n<\/b>VDM Parts le ofrece <b>Piezas para motos\/quads y otros veh\u00edculos todoterreno, y piezas para scooters <\/b>y similares. Ofrecemos piezas de diversas marcas, como:<\/p>\n<ul>\n<li>Aprilia<\/li>\n<li>Honda<\/li>\n<li>Kawasaki<\/li>\n<li>Moto Guzzi<\/li>\n<li>Suzuki<\/li>\n<li>Vespa \/ Piaggio<\/li>\n<li>Yamaha<\/li>\n<\/ul>\n<p>Adem\u00e1s, de todas las marcas anteriormente mencionadas, tambi\u00e9n suministramos <b>accesorios originales para su motocicleta, quad\/otro tipo de veh\u00edculo todoterreno o scooter.<\/b><\/p>\n<p><b>Cat\u00e1logo de piezas en l\u00ednea<br \/>\n<\/b>Para poder servir a sus clientes de la manera m\u00e1s r\u00e1pida y cuidadosa posible, VDM Parts ha desarrollado un sistema de pedidos centralizado con un cat\u00e1logo de piezas multimarca integrado. En este cat\u00e1logo de piezas multimarca puede realizar el pedido de sus piezas para, entre otras marcas, Kawasaki, Suzuki y Yamaha. Puede buscar f\u00e1cilmente las piezas que necesita a trav\u00e9s de los dibujos t\u00e9cnicos que disponen de zonas interactivas y desde los cuales puede realizar su pedido f\u00e1cilmente. Puede realizar directamente el pedido de sus piezas de motocicleta, quad\/otro tipo de veh\u00edculo todoterreno y scooter mientras su cliente se encuentra en su mostrador.<\/p>\n<p><b>1,4 millones de piezas<br \/>\n<\/b>Nuestro sistema de pedidos en l\u00ednea dispone de m\u00e1s de <b>1,4 millones de piezas originales para motocicletas, quads\/otro tipo de veh\u00edculos todoterreno, scooters.<\/b><\/p>\n<p><b>Plazos de entrega r\u00e1pidos<br \/>\n<\/b>VDM Parts B.V. trabaja en colaboraci\u00f3n con DHL y ofrece <b>plazos de entrega cortos<\/b> a <b>tarifas econ\u00f3micas<\/b>.<\/p>\n<p><b>Servicio al cliente<br \/>\n<\/b>Nuestro equipo de VDM Parts cuenta con empleados con amplios conocimientos y experiencia en el mundo del motor, que responder\u00e1n a sus preguntas y que le ofrecer\u00e1n asesoramiento personalizado.<\/p>\n","protected":false},"excerpt":{"rendered":"<p>VDM Parts es su proveedor de piezas y accesorios originales de motocicletas VDM Parts es el mayorista de piezas y&#8230;<\/p>\n","protected":false},"author":1,"featured_media":0,"parent":0,"menu_order":0,"comment_status":"closed","ping_status":"open","template":"","meta":[],"yoast_head":"<!-- This site is optimized with the Yoast SEO plugin v17.3 - https:\/\/yoast.com\/wordpress\/plugins\/seo\/ -->\n<meta name=\"robots\" content=\"index, follow, max-snippet:-1, max-image-preview:large, max-video-preview:-1\" \/>\n<link rel=\"canonical\" href=\"http:\/\/www2.vdmparts.com\/\" \/>\n<meta property=\"og:locale\" content=\"es_ES\" \/>\n<meta property=\"og:type\" content=\"article\" \/>\n<meta property=\"og:title\" content=\"VDM PartsVDM PartsVDM PartsVDM PartsVDM Parts - VDM Parts\" \/>\n<meta property=\"og:description\" content=\"VDM Parts es su proveedor de piezas y accesorios originales de motocicletas VDM Parts es el mayorista de piezas y...\" \/>\n<meta property=\"og:url\" content=\"http:\/\/www2.vdmparts.com\/\" \/>\n<meta property=\"og:site_name\" content=\"VDM Parts\" \/>\n<meta property=\"article:modified_time\" content=\"2022-02-17T18:38:39+00:00\" \/>\n<meta name=\"twitter:label1\" content=\"Est. reading time\" \/>\n\t<meta name=\"twitter:data1\" content=\"8 minutes\" \/>\n<script type=\"application\/ld+json\" class=\"yoast-schema-graph\">{\"@context\":\"https:\/\/schema.org\",\"@graph\":[{\"@type\":\"WebSite\",\"@id\":\"http:\/\/www2.vdmparts.com\/#website\",\"url\":\"http:\/\/www2.vdmparts.com\/\",\"name\":\"VDM Parts\",\"description\":\"Genuine Spare Parts and Accessory\",\"potentialAction\":[{\"@type\":\"SearchAction\",\"target\":{\"@type\":\"EntryPoint\",\"urlTemplate\":\"http:\/\/www2.vdmparts.com\/?s={search_term_string}\"},\"query-input\":\"required name=search_term_string\"}],\"inLanguage\":\"es-ES\"},{\"@type\":\"WebPage\",\"@id\":\"http:\/\/www2.vdmparts.com\/#webpage\",\"url\":\"http:\/\/www2.vdmparts.com\/\",\"name\":\"VDM PartsVDM PartsVDM PartsVDM PartsVDM Parts - VDM Parts\",\"isPartOf\":{\"@id\":\"http:\/\/www2.vdmparts.com\/#website\"},\"datePublished\":\"2013-07-26T11:56:59+00:00\",\"dateModified\":\"2022-02-17T18:38:39+00:00\",\"breadcrumb\":{\"@id\":\"http:\/\/www2.vdmparts.com\/#breadcrumb\"},\"inLanguage\":\"es-ES\",\"potentialAction\":[{\"@type\":\"ReadAction\",\"target\":[\"http:\/\/www2.vdmparts.com\/\"]}]},{\"@type\":\"BreadcrumbList\",\"@id\":\"http:\/\/www2.vdmparts.com\/#breadcrumb\",\"itemListElement\":[{\"@type\":\"ListItem\",\"position\":1,\"name\":\"Home\",\"item\":\"http:\/\/www2.vdmparts.com\/\"},{\"@type\":\"ListItem\",\"position\":2,\"name\":\"VDM Parts\"}]}]}<\/script>\n<!-- \/ Yoast SEO plugin. -->","yoast_head_json":{"robots":{"index":"index","follow":"follow","max-snippet":"max-snippet:-1","max-image-preview":"max-image-preview:large","max-video-preview":"max-video-preview:-1"},"canonical":"http:\/\/www2.vdmparts.com\/","og_locale":"es_ES","og_type":"article","og_title":"VDM PartsVDM PartsVDM PartsVDM PartsVDM Parts - VDM Parts","og_description":"VDM Parts es su proveedor de piezas y accesorios originales de motocicletas VDM Parts es el mayorista de piezas y...","og_url":"http:\/\/www2.vdmparts.com\/","og_site_name":"VDM Parts","article_modified_time":"2022-02-17T18:38:39+00:00","twitter_misc":{"Est. reading time":"8 minutes"},"schema":{"@context":"https:\/\/schema.org","@graph":[{"@type":"WebSite","@id":"http:\/\/www2.vdmparts.com\/#website","url":"http:\/\/www2.vdmparts.com\/","name":"VDM Parts","description":"Genuine Spare Parts and Accessory","potentialAction":[{"@type":"SearchAction","target":{"@type":"EntryPoint","urlTemplate":"http:\/\/www2.vdmparts.com\/?s={search_term_string}"},"query-input":"required name=search_term_string"}],"inLanguage":"es-ES"},{"@type":"WebPage","@id":"http:\/\/www2.vdmparts.com\/#webpage","url":"http:\/\/www2.vdmparts.com\/","name":"VDM PartsVDM PartsVDM PartsVDM PartsVDM Parts - VDM Parts","isPartOf":{"@id":"http:\/\/www2.vdmparts.com\/#website"},"datePublished":"2013-07-26T11:56:59+00:00","dateModified":"2022-02-17T18:38:39+00:00","breadcrumb":{"@id":"http:\/\/www2.vdmparts.com\/#breadcrumb"},"inLanguage":"es-ES","potentialAction":[{"@type":"ReadAction","target":["http:\/\/www2.vdmparts.com\/"]}]},{"@type":"BreadcrumbList","@id":"http:\/\/www2.vdmparts.com\/#breadcrumb","itemListElement":[{"@type":"ListItem","position":1,"name":"Home","item":"http:\/\/www2.vdmparts.com\/"},{"@type":"ListItem","position":2,"name":"VDM Parts"}]}]}},"_links":{"self":[{"href":"http:\/\/www2.vdmparts.com\/es\/wp-json\/wp\/v2\/pages\/46"}],"collection":[{"href":"http:\/\/www2.vdmparts.com\/es\/wp-json\/wp\/v2\/pages"}],"about":[{"href":"http:\/\/www2.vdmparts.com\/es\/wp-json\/wp\/v2\/types\/page"}],"author":[{"embeddable":true,"href":"http:\/\/www2.vdmparts.com\/es\/wp-json\/wp\/v2\/users\/1"}],"replies":[{"embeddable":true,"href":"http:\/\/www2.vdmparts.com\/es\/wp-json\/wp\/v2\/comments?post=46"}],"version-history":[{"count":45,"href":"http:\/\/www2.vdmparts.com\/es\/wp-json\/wp\/v2\/pages\/46\/revisions"}],"predecessor-version":[{"id":598,"href":"http:\/\/www2.vdmparts.com\/es\/wp-json\/wp\/v2\/pages\/46\/revisions\/598"}],"wp:attachment":[{"href":"http:\/\/www2.vdmparts.com\/es\/wp-json\/wp\/v2\/media?parent=46"}],"curies":[{"name":"wp","href":"https:\/\/api.w.org\/{rel}","templated":true}]}}