{"id":46,"date":"2013-07-26T13:56:59","date_gmt":"2013-07-26T11:56:59","guid":{"rendered":"http:\/\/www.vdmparts.com\/?page_id=46"},"modified":"2022-02-17T20:38:39","modified_gmt":"2022-02-17T18:38:39","slug":"home","status":"publish","type":"page","link":"http:\/\/www2.vdmparts.com\/de\/","title":{"rendered":"VDM Parts"},"content":{"rendered":"<p align=\"left\"><b>VDMParts: Ihr Lieferant von Originalteilen und Zubeh\u00f6r f\u00fcr Motorr\u00e4der<br \/>\n<\/b>VDM Parts ist der Gro\u00dfhandel schlechthin f\u00fcr Originalteile f\u00fcr Motorr\u00e4der und Motorradzubeh\u00f6r f\u00fcr den Einzelhandel. Wir liefern u.a. <b>Aprilia-Motorradteile, Honda-Motorradteile, Kawasaki-Motorradteile, Moto Guzzi-Ersatzteile, Suzuki-Motorradteile, Vespa \/ Piaggio-Motorradteile und Yamaha-Motorradteile<\/b>. Dank unseres umfangreichen Lieferantennetzes haben wir direkten Zugriff auf die gr\u00f6\u00dften Warenlager Europas und k\u00f6nnen eine <b>schnelle Lieferung<\/b> <b>weltweit <\/b>garantieren. Bei VDM Parts k\u00f6nnen Sie einfach in einem einzigen Arbeitsgang alle Ihre Teile \u00fcber unser Online-Bestellsystem bestellen, das mehr als <b>1,4 Millionen Zubeh\u00f6r- und Ersatzteile<\/b> der f\u00fchrenden Motorradmarken- und hersteller enth\u00e4lt. VDM Parts ist Ihr idealer Partner f\u00fcr Originalteile f\u00fcr Motorr\u00e4der- und roller!<\/p>\n<p><b>Motorradteile und Zubeh\u00f6r<br \/>\n<\/b>VDM Parts bietet Ihnen <b>Motorradteile, Ersatz- und Zubeh\u00f6rteile f\u00fcr Quads, ATVs und Motorroller<\/b> vieler Marken und Hersteller an:<\/p>\n<ul>\n<li>Aprilia<\/li>\n<li>Honda<\/li>\n<li>Kawasaki<\/li>\n<li>Moto Guzzi<\/li>\n<li>Suzuki<\/li>\n<li>Vespa \/ Piaggio<\/li>\n<li>Yamaha<\/li>\n<\/ul>\n<p>Dar\u00fcber hinaus liefern wir f\u00fcr alle oben genannten Marken \/Hersteller auch <b>Originalzubeh\u00f6r<\/b> <b>f\u00fcr Ihr Motorrad, ATV \/ Quad oder Ihren Motorroller.<\/b><\/p>\n<p><b>Online-Teile-Katalog<br \/>\n<\/b>Damit Sie Ihre Kunden m\u00f6glichst schnell und sorgf\u00e4ltig bedienen k\u00f6nnen, hat VDM Parts ein einzigartiges zentrales Bestellsystem mit integriertem Multi-Brand-Teile-Katalog (Teile-Katalog vieler Marken) entwickelt. In diesem Multi-Brand-Teile-Katalog k\u00f6nnen Sie u.a. Teile f\u00fcr die Motorr\u00e4der von Kawasaki, Suzuki und Yamaha bestellen. Die Teile, die Sie ben\u00f6tigen, k\u00f6nnen Sie auf ganz einfache Weise mithilfe technischer Zeichnungen finden, auf denen Hotspots eingetragen sind, von denen aus Sie ganz einfach bestellen k\u00f6nnen. Sie k\u00f6nnen die Motorradteile, Quad- \/ ATV-Teile, Motorrollerteile usw. direkt bestellen, w\u00e4hrend Ihr Kunde an der Ladentheke wartet!<\/p>\n<p><b>1,4 Millionen Teile, Ersatz- und Zubeh\u00f6rteile<br \/>\n<\/b>Unser Online-Bestellsystem enth\u00e4lt mehr als <b>1,4 Millionen Originalteile, Ersatz- und Zubeh\u00f6rteile f\u00fcr Motorr\u00e4der, Quads \/ ATVs, Motorroller.<\/b><\/p>\n<p><b> <\/b><b>Schnelle Lieferung<br \/>\n<\/b>VDM Parts B.V. arbeitet mit DHL zusammen und kann daher <b>kurze Lieferzeiten<\/b> und <b>attraktive Preise <\/b>bieten.<\/p>\n<p><b>Kundenservice<br \/>\n<\/b>In unserem VDM Parts-Team sind ausschlie\u00dflich motorradbegeisterte Mitarbeiter t\u00e4tig, die gerne alle Ihre Fragen beantworten und Sie durch pers\u00f6nliche, individuell auf Sie und Ihre Anforderungen zugeschnittene Beratung unterst\u00fctzen.<\/p>\n","protected":false},"excerpt":{"rendered":"<p>VDMParts: Ihr Lieferant von Originalteilen und Zubeh\u00f6r f\u00fcr Motorr\u00e4der VDM Parts ist der Gro\u00dfhandel schlechthin f\u00fcr Originalteile f\u00fcr Motorr\u00e4der und&#8230;<\/p>\n","protected":false},"author":1,"featured_media":0,"parent":0,"menu_order":0,"comment_status":"closed","ping_status":"open","template":"","meta":[],"yoast_head":"<!-- This site is optimized with the Yoast SEO plugin v17.3 - https:\/\/yoast.com\/wordpress\/plugins\/seo\/ -->\n<meta name=\"robots\" content=\"index, follow, max-snippet:-1, max-image-preview:large, max-video-preview:-1\" \/>\n<link rel=\"canonical\" href=\"http:\/\/www2.vdmparts.com\/\" \/>\n<meta property=\"og:locale\" content=\"de_DE\" \/>\n<meta property=\"og:type\" content=\"article\" \/>\n<meta property=\"og:title\" content=\"VDM PartsVDM PartsVDM PartsVDM PartsVDM Parts - VDM Parts\" \/>\n<meta property=\"og:description\" content=\"VDMParts: Ihr Lieferant von Originalteilen und Zubeh\u00f6r f\u00fcr Motorr\u00e4der VDM Parts ist der Gro\u00dfhandel schlechthin f\u00fcr Originalteile f\u00fcr Motorr\u00e4der und...\" \/>\n<meta property=\"og:url\" content=\"http:\/\/www2.vdmparts.com\/\" \/>\n<meta property=\"og:site_name\" content=\"VDM Parts\" \/>\n<meta property=\"article:modified_time\" content=\"2022-02-17T18:38:39+00:00\" \/>\n<meta name=\"twitter:label1\" content=\"Est. reading time\" \/>\n\t<meta name=\"twitter:data1\" content=\"8 minutes\" \/>\n<script type=\"application\/ld+json\" class=\"yoast-schema-graph\">{\"@context\":\"https:\/\/schema.org\",\"@graph\":[{\"@type\":\"WebSite\",\"@id\":\"http:\/\/www2.vdmparts.com\/#website\",\"url\":\"http:\/\/www2.vdmparts.com\/\",\"name\":\"VDM Parts\",\"description\":\"Genuine Spare Parts and Accessory\",\"potentialAction\":[{\"@type\":\"SearchAction\",\"target\":{\"@type\":\"EntryPoint\",\"urlTemplate\":\"http:\/\/www2.vdmparts.com\/?s={search_term_string}\"},\"query-input\":\"required name=search_term_string\"}],\"inLanguage\":\"de-DE\"},{\"@type\":\"WebPage\",\"@id\":\"http:\/\/www2.vdmparts.com\/#webpage\",\"url\":\"http:\/\/www2.vdmparts.com\/\",\"name\":\"VDM PartsVDM PartsVDM PartsVDM PartsVDM Parts - VDM Parts\",\"isPartOf\":{\"@id\":\"http:\/\/www2.vdmparts.com\/#website\"},\"datePublished\":\"2013-07-26T11:56:59+00:00\",\"dateModified\":\"2022-02-17T18:38:39+00:00\",\"breadcrumb\":{\"@id\":\"http:\/\/www2.vdmparts.com\/#breadcrumb\"},\"inLanguage\":\"de-DE\",\"potentialAction\":[{\"@type\":\"ReadAction\",\"target\":[\"http:\/\/www2.vdmparts.com\/\"]}]},{\"@type\":\"BreadcrumbList\",\"@id\":\"http:\/\/www2.vdmparts.com\/#breadcrumb\",\"itemListElement\":[{\"@type\":\"ListItem\",\"position\":1,\"name\":\"Home\",\"item\":\"http:\/\/www2.vdmparts.com\/\"},{\"@type\":\"ListItem\",\"position\":2,\"name\":\"VDM Parts\"}]}]}<\/script>\n<!-- \/ Yoast SEO plugin. -->","yoast_head_json":{"robots":{"index":"index","follow":"follow","max-snippet":"max-snippet:-1","max-image-preview":"max-image-preview:large","max-video-preview":"max-video-preview:-1"},"canonical":"http:\/\/www2.vdmparts.com\/","og_locale":"de_DE","og_type":"article","og_title":"VDM PartsVDM PartsVDM PartsVDM PartsVDM Parts - VDM Parts","og_description":"VDMParts: Ihr Lieferant von Originalteilen und Zubeh\u00f6r f\u00fcr Motorr\u00e4der VDM Parts ist der Gro\u00dfhandel schlechthin f\u00fcr Originalteile f\u00fcr Motorr\u00e4der und...","og_url":"http:\/\/www2.vdmparts.com\/","og_site_name":"VDM Parts","article_modified_time":"2022-02-17T18:38:39+00:00","twitter_misc":{"Est. reading time":"8 minutes"},"schema":{"@context":"https:\/\/schema.org","@graph":[{"@type":"WebSite","@id":"http:\/\/www2.vdmparts.com\/#website","url":"http:\/\/www2.vdmparts.com\/","name":"VDM Parts","description":"Genuine Spare Parts and Accessory","potentialAction":[{"@type":"SearchAction","target":{"@type":"EntryPoint","urlTemplate":"http:\/\/www2.vdmparts.com\/?s={search_term_string}"},"query-input":"required name=search_term_string"}],"inLanguage":"de-DE"},{"@type":"WebPage","@id":"http:\/\/www2.vdmparts.com\/#webpage","url":"http:\/\/www2.vdmparts.com\/","name":"VDM PartsVDM PartsVDM PartsVDM PartsVDM Parts - VDM Parts","isPartOf":{"@id":"http:\/\/www2.vdmparts.com\/#website"},"datePublished":"2013-07-26T11:56:59+00:00","dateModified":"2022-02-17T18:38:39+00:00","breadcrumb":{"@id":"http:\/\/www2.vdmparts.com\/#breadcrumb"},"inLanguage":"de-DE","potentialAction":[{"@type":"ReadAction","target":["http:\/\/www2.vdmparts.com\/"]}]},{"@type":"BreadcrumbList","@id":"http:\/\/www2.vdmparts.com\/#breadcrumb","itemListElement":[{"@type":"ListItem","position":1,"name":"Home","item":"http:\/\/www2.vdmparts.com\/"},{"@type":"ListItem","position":2,"name":"VDM Parts"}]}]}},"_links":{"self":[{"href":"http:\/\/www2.vdmparts.com\/de\/wp-json\/wp\/v2\/pages\/46"}],"collection":[{"href":"http:\/\/www2.vdmparts.com\/de\/wp-json\/wp\/v2\/pages"}],"about":[{"href":"http:\/\/www2.vdmparts.com\/de\/wp-json\/wp\/v2\/types\/page"}],"author":[{"embeddable":true,"href":"http:\/\/www2.vdmparts.com\/de\/wp-json\/wp\/v2\/users\/1"}],"replies":[{"embeddable":true,"href":"http:\/\/www2.vdmparts.com\/de\/wp-json\/wp\/v2\/comments?post=46"}],"version-history":[{"count":45,"href":"http:\/\/www2.vdmparts.com\/de\/wp-json\/wp\/v2\/pages\/46\/revisions"}],"predecessor-version":[{"id":598,"href":"http:\/\/www2.vdmparts.com\/de\/wp-json\/wp\/v2\/pages\/46\/revisions\/598"}],"wp:attachment":[{"href":"http:\/\/www2.vdmparts.com\/de\/wp-json\/wp\/v2\/media?parent=46"}],"curies":[{"name":"wp","href":"https:\/\/api.w.org\/{rel}","templated":true}]}}